{"id":242,"date":"2021-10-31T03:51:00","date_gmt":"2021-10-31T03:51:00","guid":{"rendered":"https:\/\/hogar-redes.cl\/?page_id=242"},"modified":"2021-12-14T21:40:11","modified_gmt":"2021-12-14T21:40:11","slug":"quienes-somos","status":"publish","type":"page","link":"https:\/\/hogar-redes.cl\/?page_id=242","title":{"rendered":"Quienes somos"},"content":{"rendered":"\n<p>Somos una Instituci\u00f3n sin fines de lucro que atiende a ni\u00f1os y ni\u00f1as lactantes y pre &#8211; escolares vulneradas en sus derechos fundamentales, creada por la Madre Gregoria Cicarelli, fundadora de la Congregaci\u00f3n Hermanas Franciscanas Misioneras de Jes\u00fas.<\/p>\n\n\n\n<p>\u201cJes\u00fas les dijo: \u201cDejad que los ni\u00f1os vengan a m\u00ed, porque de los que son como ellos es el reino de los cielos\u201d (Mt. 19, 14), debe ser el texto que anid\u00f3 en el coraz\u00f3n de Madre Gregoria Cicarelli, cuando en su incesante caminar por los cerros de Coquimbo vio la necesidad de alimento de tantas familias, de tantos ni\u00f1os ; y sin nada material pero con la fuerza de la oraci\u00f3n, la presencia de sus hijas espirituales, la colaboraci\u00f3n de las comunidades cristianas y muchas personas generosas comenz\u00f3 con los comedores que r\u00e1pidamente dieron paso a Hogar Redes (Hogar de Rehabilitaci\u00f3n de la Desnutrici\u00f3n) donde comenzaron a ser acogidos ni\u00f1os y ni\u00f1as en situaci\u00f3n vulnerable, necesitados de cuidados, alimento y amor. La obra comenz\u00f3 en 1979, su fecha de aniversario 25 de diciembre, fecha marcada por Jes\u00fas Ni\u00f1o, quien bendice hasta hoy la obra que se inici\u00f3 con humildad en el Cerro El Calvario de Coquimbo y que m\u00e1s tarde se traslad\u00f3 al sector de 4 Esquinas de La Serena hasta el a\u00f1o 2015, cuando se regresa a la Parte Alta de Coquimbo, en la Casa Central de la Congregaci\u00f3n.<\/p>\n\n\n\n<p>\u201c<em>Amar y servir en santidad y sabidur\u00eda<\/em>\u201d es el lema de la Congregaci\u00f3n, y que se concretiza en el trabajo que se realiza en el Hogar, as\u00ed con may\u00fascula porque cada uno de los que aqu\u00ed colaboran lo hacen con el objetivo de dar un verdadero hogar a cada ni\u00f1o y ni\u00f1a que por diversas causas deben vivir en esta especial familia.<\/p>\n\n\n\n<p>Amar a los ni\u00f1os fluye como el agua del r\u00edo, su candidez, su dulzura, su canto a la vida, la esperanza que representan por s\u00ed y para la humanidad nos conquistan, sin embargo, su dolor, su debilidad, su vulneraci\u00f3n son incomprensibles y se necesitan manos amorosas, conocimiento, recursos y mucha fe para protegerlos y acompa\u00f1arles en sus primeros a\u00f1os de vida.<\/p>\n\n\n\n<p>Hogar Redes, es una instituci\u00f3n colaboradora del Servicio Mejor Ni\u00f1ez, dependiente del Ministerio de Desarrollo Social y Familia y que acoge a ni\u00f1os y ni\u00f1as derivadas de Tribunales de Familia, con valores y el deseo de seguirlos acogiendo cada vez que ellos lo necesiten.<\/p>\n\n\n\n<p><\/p>\n","protected":false},"excerpt":{"rendered":"<p>Somos una Instituci\u00f3n sin fines de lucro que atiende a ni\u00f1os y ni\u00f1as lactantes y pre &#8211; escolares vulneradas en sus derechos fundamentales, creada por la Madre Gregoria Cicarelli, fundadora de la Congregaci\u00f3n Hermanas Franciscanas Misioneras de Jes\u00fas. \u201cJes\u00fas les dijo: \u201cDejad que los ni\u00f1os vengan a m\u00ed, porque de los que son como ellos es el reino de los cielos\u201d (Mt. 19, 14), debe ser el texto que anid\u00f3 en el coraz\u00f3n de Madre Gregoria Cicarelli, cuando en su incesante caminar por los cerros de Coquimbo vio la necesidad de alimento de tantas familias, de tantos ni\u00f1os ; y sin nada material pero con la fuerza de la oraci\u00f3n, la presencia de sus hijas espirituales, la colaboraci\u00f3n de las comunidades cristianas y muchas personas generosas comenz\u00f3 con los comedores que r\u00e1pidamente dieron paso a Hogar Redes (Hogar de Rehabilitaci\u00f3n de la Desnutrici\u00f3n) donde comenzaron a ser acogidos ni\u00f1os y ni\u00f1as en situaci\u00f3n vulnerable, necesitados de cuidados, alimento y amor. La obra comenz\u00f3 en 1979, su fecha de aniversario 25 de diciembre, fecha marcada por Jes\u00fas Ni\u00f1o, quien bendice hasta hoy la obra que se inici\u00f3 con humildad en el Cerro El Calvario de Coquimbo y que m\u00e1s tarde se traslad\u00f3 al sector de 4 Esquinas de La Serena hasta el a\u00f1o 2015, cuando se regresa a la Parte Alta de Coquimbo, en la Casa Central de la Congregaci\u00f3n. \u201cAmar y servir en santidad y sabidur\u00eda\u201d es el lema de la Congregaci\u00f3n, y que se concretiza en el trabajo que se realiza en el Hogar, as\u00ed con may\u00fascula porque cada uno de los que aqu\u00ed colaboran lo hacen con el objetivo de dar un verdadero hogar a cada ni\u00f1o y ni\u00f1a que por diversas causas deben vivir en esta especial familia. Amar a los ni\u00f1os fluye como el agua del r\u00edo, su candidez, su dulzura, su canto a la vida, la esperanza que representan por s\u00ed y para la humanidad nos conquistan, sin embargo, su dolor, su debilidad, su vulneraci\u00f3n son incomprensibles y se necesitan manos amorosas, conocimiento, recursos y mucha fe para protegerlos y acompa\u00f1arles en sus primeros a\u00f1os de vida. Hogar Redes, es una instituci\u00f3n colaboradora del Servicio Mejor Ni\u00f1ez, dependiente del Ministerio de Desarrollo Social y Familia y que acoge a ni\u00f1os y ni\u00f1as derivadas de Tribunales de Familia, con valores y el deseo de seguirlos acogiendo cada vez que ellos lo necesiten.<\/p>\n","protected":false},"author":1,"featured_media":0,"parent":0,"menu_order":0,"comment_status":"closed","ping_status":"closed","template":"","meta":{"footnotes":""},"class_list":["post-242","page","type-page","status-publish","hentry"],"_links":{"self":[{"href":"https:\/\/hogar-redes.cl\/index.php?rest_route=\/wp\/v2\/pages\/242","targetHints":{"allow":["GET"]}}],"collection":[{"href":"https:\/\/hogar-redes.cl\/index.php?rest_route=\/wp\/v2\/pages"}],"about":[{"href":"https:\/\/hogar-redes.cl\/index.php?rest_route=\/wp\/v2\/types\/page"}],"author":[{"embeddable":true,"href":"https:\/\/hogar-redes.cl\/index.php?rest_route=\/wp\/v2\/users\/1"}],"replies":[{"embeddable":true,"href":"https:\/\/hogar-redes.cl\/index.php?rest_route=%2Fwp%2Fv2%2Fcomments&post=242"}],"version-history":[{"count":3,"href":"https:\/\/hogar-redes.cl\/index.php?rest_route=\/wp\/v2\/pages\/242\/revisions"}],"predecessor-version":[{"id":337,"href":"https:\/\/hogar-redes.cl\/index.php?rest_route=\/wp\/v2\/pages\/242\/revisions\/337"}],"wp:attachment":[{"href":"https:\/\/hogar-redes.cl\/index.php?rest_route=%2Fwp%2Fv2%2Fmedia&parent=242"}],"curies":[{"name":"wp","href":"https:\/\/api.w.org\/{rel}","templated":true}]}}