{"id":217,"date":"2021-10-31T02:54:24","date_gmt":"2021-10-31T02:54:24","guid":{"rendered":"https:\/\/hogar-redes.cl\/?page_id=217"},"modified":"2022-04-12T00:55:49","modified_gmt":"2022-04-12T00:55:49","slug":"mision-vision","status":"publish","type":"page","link":"https:\/\/hogar-redes.cl\/?page_id=217","title":{"rendered":"Mision &#8211; Vision"},"content":{"rendered":"\n<p><strong>MISION<\/strong><\/p>\n\n\n\n<p>Compromiso permanente por contribuir a la atenci\u00f3n y satisfacci\u00f3n de las necesidades b\u00e1sicas de alimentaci\u00f3n, vestuario, salud, psicol\u00f3gicas, sociales y educaci\u00f3n, entre otras, de los ni\u00f1os y ni\u00f1as residentes, promoviendo y gestionando redes de apoyo, que proporcionen una mejor calidad de vida y restituci\u00f3n de sus derechos fundamentales, acciones basadas en el amor a Dios y el pr\u00f3jimo.<\/p>\n\n\n\n<p><strong>VISION<\/strong><\/p>\n\n\n\n<p>A trav\u00e9s de amor a Dios y al pr\u00f3jimo y de los servicios prestados por el Hogar Redes, es que los ni\u00f1os y ni\u00f1as, sean en el futuro, personas de fe y esperanza, capaces de luchar y vencer los diferentes obst\u00e1culos que la vida les presente.<\/p>\n","protected":false},"excerpt":{"rendered":"<p>MISION Compromiso permanente por contribuir a la atenci\u00f3n y satisfacci\u00f3n de las necesidades b\u00e1sicas de alimentaci\u00f3n, vestuario, salud, psicol\u00f3gicas, sociales y educaci\u00f3n, entre otras, de los ni\u00f1os y ni\u00f1as residentes, promoviendo y gestionando redes de apoyo, que proporcionen una mejor calidad de vida y restituci\u00f3n de sus derechos fundamentales, acciones basadas en el amor a Dios y el pr\u00f3jimo. VISION A trav\u00e9s de amor a Dios y al pr\u00f3jimo y de los servicios prestados por el Hogar Redes, es que los ni\u00f1os y ni\u00f1as, sean en el futuro, personas de fe y esperanza, capaces de luchar y vencer los diferentes obst\u00e1culos que la vida les presente.<\/p>\n","protected":false},"author":1,"featured_media":0,"parent":0,"menu_order":0,"comment_status":"closed","ping_status":"closed","template":"enblanco.php","meta":{"footnotes":""},"class_list":["post-217","page","type-page","status-publish","hentry"],"_links":{"self":[{"href":"https:\/\/hogar-redes.cl\/index.php?rest_route=\/wp\/v2\/pages\/217","targetHints":{"allow":["GET"]}}],"collection":[{"href":"https:\/\/hogar-redes.cl\/index.php?rest_route=\/wp\/v2\/pages"}],"about":[{"href":"https:\/\/hogar-redes.cl\/index.php?rest_route=\/wp\/v2\/types\/page"}],"author":[{"embeddable":true,"href":"https:\/\/hogar-redes.cl\/index.php?rest_route=\/wp\/v2\/users\/1"}],"replies":[{"embeddable":true,"href":"https:\/\/hogar-redes.cl\/index.php?rest_route=%2Fwp%2Fv2%2Fcomments&post=217"}],"version-history":[{"count":2,"href":"https:\/\/hogar-redes.cl\/index.php?rest_route=\/wp\/v2\/pages\/217\/revisions"}],"predecessor-version":[{"id":350,"href":"https:\/\/hogar-redes.cl\/index.php?rest_route=\/wp\/v2\/pages\/217\/revisions\/350"}],"wp:attachment":[{"href":"https:\/\/hogar-redes.cl\/index.php?rest_route=%2Fwp%2Fv2%2Fmedia&parent=217"}],"curies":[{"name":"wp","href":"https:\/\/api.w.org\/{rel}","templated":true}]}}